{"id":1937,"date":"2018-09-18T12:58:36","date_gmt":"2018-09-18T12:58:36","guid":{"rendered":"https:\/\/elysports.com\/inscribir\/"},"modified":"2023-07-29T17:39:15","modified_gmt":"2023-07-29T17:39:15","slug":"sign-up","status":"publish","type":"page","link":"https:\/\/elysports.com\/en\/sign-up\/","title":{"rendered":"Sign up"},"content":{"rendered":"<div class=\"wpb-content-wrapper\"><p>[vc_row full_width=&#8221;stretch_row&#8221; parallax=&#8221;content-moving&#8221; parallax_image=&#8221;328&#8243; parallax_opacity=&#8221;0.5&#8243; parallax_speed_bg=&#8221;1&#8243; css=&#8221;.vc_custom_1537785279476{margin-top: 0px !important;margin-bottom: 0px !important;padding-top: 90px !important;padding-bottom: 70px !important;}&#8221; overlay_color=&#8221;#d8902b&#8221;][vc_column width=&#8221;1\/6&#8243;][\/vc_column][vc_column width=&#8221;2\/3&#8243;][vc_column_text css=&#8221;.vc_custom_1620943487745{margin-top: 0px !important;margin-bottom: 40px !important;padding-top: 0px !important;padding-bottom: 0px !important;}&#8221;]<\/p>\n<h2 style=\"text-align: center;\"><span style=\"color: #ffffff;\">Inscr\u00edbete en nuestras actividades<\/span><\/h2>\n<p>[\/vc_column_text][vc_empty_space height=&#8221;100px&#8221;]\n<div class=\"wpcf7 no-js\" id=\"wpcf7-f1572-o1\" lang=\"en-US\" dir=\"ltr\" data-wpcf7-id=\"1572\">\n<div class=\"screen-reader-response\"><p role=\"status\" aria-live=\"polite\" aria-atomic=\"true\"><\/p> <ul><\/ul><\/div>\n<form action=\"\/en\/wp-json\/wp\/v2\/pages\/1937#wpcf7-f1572-o1\" method=\"post\" class=\"wpcf7-form init\" aria-label=\"Contact form\" novalidate=\"novalidate\" data-status=\"init\">\n<fieldset class=\"hidden-fields-container\"><input type=\"hidden\" name=\"_wpcf7\" value=\"1572\" \/><input type=\"hidden\" name=\"_wpcf7_version\" value=\"6.1.5\" \/><input type=\"hidden\" name=\"_wpcf7_locale\" value=\"en_US\" \/><input type=\"hidden\" name=\"_wpcf7_unit_tag\" value=\"wpcf7-f1572-o1\" \/><input type=\"hidden\" name=\"_wpcf7_container_post\" value=\"0\" \/><input type=\"hidden\" name=\"_wpcf7_posted_data_hash\" value=\"\" \/>\n<\/fieldset>\n<div class=\"contact-form flex-type\">\n\t<div class=\"contact-col-2\">\n\t\t<p><span class=\"wpcf7-form-control-wrap\" data-name=\"name-kids\"><input size=\"40\" maxlength=\"400\" class=\"wpcf7-form-control wpcf7-text wpcf7-validates-as-required\" aria-required=\"true\" aria-invalid=\"false\" placeholder=\"Nombre de los ni\u00f1os\" value=\"\" type=\"text\" name=\"name-kids\" \/><\/span>\n\t\t<\/p>\n\t<\/div>\n\t<div class=\"contact-col-2\">\n\t\t<p><span class=\"wpcf7-form-control-wrap\" data-name=\"name-parents\"><input size=\"40\" maxlength=\"400\" class=\"wpcf7-form-control wpcf7-text wpcf7-validates-as-required\" aria-required=\"true\" aria-invalid=\"false\" placeholder=\"Nombre de los padres\" value=\"\" type=\"text\" name=\"name-parents\" \/><\/span>\n\t\t<\/p>\n\t<\/div>\n\t<div class=\"contact-col-2\">\n\t\t<p><span class=\"wpcf7-form-control-wrap\" data-name=\"kids-last-name\"><input size=\"40\" maxlength=\"400\" class=\"wpcf7-form-control wpcf7-text wpcf7-validates-as-required\" aria-required=\"true\" aria-invalid=\"false\" placeholder=\"Apellido de los ni\u00f1os\" value=\"\" type=\"text\" name=\"kids-last-name\" \/><\/span>\n\t\t<\/p>\n\t<\/div>\n\t<div class=\"contact-col-2\">\n\t\t<p><span class=\"wpcf7-form-control-wrap\" data-name=\"parents-last-name\"><input size=\"40\" maxlength=\"400\" class=\"wpcf7-form-control wpcf7-text wpcf7-validates-as-required\" aria-required=\"true\" aria-invalid=\"false\" placeholder=\"Apellido de los padres\" value=\"\" type=\"text\" name=\"parents-last-name\" \/><\/span>\n\t\t<\/p>\n\t<\/div>\n\t<div class=\"contact-col-2\">\n\t\t<p><span class=\"wpcf7-form-control-wrap\" data-name=\"kids-birth-date\"><input size=\"40\" maxlength=\"400\" class=\"wpcf7-form-control wpcf7-text wpcf7-validates-as-required\" aria-required=\"true\" aria-invalid=\"false\" placeholder=\"Fecha de nacimiento (ni\u00f1o)\" value=\"\" type=\"text\" name=\"kids-birth-date\" \/><\/span>\n\t\t<\/p>\n\t<\/div>\n\t<div class=\"contact-col-2\">\n\t\t<p><span class=\"wpcf7-form-control-wrap\" data-name=\"ID\"><input size=\"40\" maxlength=\"400\" class=\"wpcf7-form-control wpcf7-text wpcf7-validates-as-required\" aria-required=\"true\" aria-invalid=\"false\" placeholder=\"DNI de los padres\" value=\"\" type=\"text\" name=\"ID\" \/><\/span>\n\t\t<\/p>\n\t<\/div>\n\t<div class=\"contact-col-2\">\n\t\t<p><span class=\"wpcf7-form-control-wrap\" data-name=\"school\"><input size=\"40\" maxlength=\"400\" class=\"wpcf7-form-control wpcf7-text wpcf7-validates-as-required\" aria-required=\"true\" aria-invalid=\"false\" placeholder=\"Colegio\" value=\"\" type=\"text\" name=\"school\" \/><\/span>\n\t\t<\/p>\n\t<\/div>\n\t<div class=\"contact-col-2\">\n\t\t<p><span class=\"wpcf7-form-control-wrap\" data-name=\"adress\"><input size=\"40\" maxlength=\"400\" class=\"wpcf7-form-control wpcf7-text\" aria-invalid=\"false\" placeholder=\"Direcci\u00f3n (opcional)\" value=\"\" type=\"text\" name=\"adress\" \/><\/span>\n\t\t<\/p>\n\t<\/div>\n\t<div class=\"contact-col-2\">\n\t\t<p><span class=\"wpcf7-form-control-wrap\" data-name=\"selector\"><select class=\"wpcf7-form-control wpcf7-select wpcf7-validates-as-required\" aria-required=\"true\" aria-invalid=\"false\" name=\"selector\"><option value=\"Actividades\">Actividades<\/option><option value=\"Campamento\">Campamento<\/option><option value=\"Gimnasia R\u00edtmica\">Gimnasia R\u00edtmica<\/option><option value=\"Matronataci\u00f3n\">Matronataci\u00f3n<\/option><option value=\"Nataci\u00f3n\">Nataci\u00f3n<\/option><option value=\"Tenis\">Tenis<\/option><\/select><\/span>\n\t\t<\/p>\n\t<\/div>\n\t<div class=\"contact-col-2\">\n\t\t<p><span class=\"wpcf7-form-control-wrap\" data-name=\"ZIP-code\"><input size=\"40\" maxlength=\"400\" class=\"wpcf7-form-control wpcf7-text wpcf7-validates-as-required\" aria-required=\"true\" aria-invalid=\"false\" placeholder=\"C\u00f3digo postal\" value=\"\" type=\"text\" name=\"ZIP-code\" \/><\/span>\n\t\t<\/p>\n\t<\/div>\n\t<div class=\"contact-col-2\">\n\t\t<p><span class=\"wpcf7-form-control-wrap\" data-name=\"time\"><input size=\"40\" maxlength=\"400\" class=\"wpcf7-form-control wpcf7-text wpcf7-validates-as-required\" aria-required=\"true\" aria-invalid=\"false\" placeholder=\"Horario\" value=\"\" type=\"text\" name=\"time\" \/><\/span>\n\t\t<\/p>\n\t<\/div>\n\t<div class=\"contact-col-2\">\n\t\t<p><span class=\"wpcf7-form-control-wrap\" data-name=\"phone\"><input size=\"40\" maxlength=\"400\" class=\"wpcf7-form-control wpcf7-text wpcf7-validates-as-required\" aria-required=\"true\" aria-invalid=\"false\" placeholder=\"N\u00famero de tel\u00e9fono\" value=\"\" type=\"text\" name=\"phone\" \/><\/span>\n\t\t<\/p>\n\t<\/div>\n\t<div class=\"contact-col-2\">\n\t\t<p><span class=\"wpcf7-form-control-wrap\" data-name=\"start-date\"><input size=\"40\" maxlength=\"400\" class=\"wpcf7-form-control wpcf7-text wpcf7-validates-as-required\" aria-required=\"true\" aria-invalid=\"false\" placeholder=\"Fecha de inicio\" value=\"\" type=\"text\" name=\"start-date\" \/><\/span>\n\t\t<\/p>\n\t<\/div>\n\t<div class=\"contact-col-2\">\n\t\t<p><span class=\"wpcf7-form-control-wrap\" data-name=\"your-email\"><input size=\"40\" maxlength=\"400\" class=\"wpcf7-form-control wpcf7-email wpcf7-validates-as-required wpcf7-text wpcf7-validates-as-email\" aria-required=\"true\" aria-invalid=\"false\" placeholder=\"Email\" value=\"\" type=\"email\" name=\"your-email\" \/><\/span>\n\t\t<\/p>\n\t<\/div>\n\t<div class=\"contact-col-2\">\n\t\t<p><span class=\"wpcf7-form-control-wrap\" data-name=\"your-allergy\"><input size=\"40\" maxlength=\"400\" class=\"wpcf7-form-control wpcf7-text wpcf7-validates-as-required\" aria-required=\"true\" aria-invalid=\"false\" placeholder=\"\u00bfTienes Alergias?\" value=\"\" type=\"text\" name=\"your-allergy\" \/><\/span>\n\t\t<\/p>\n\t<\/div>\n\t<div class=\"contact-col\">\n\t\t<p><span class=\"wpcf7-form-control-wrap\" data-name=\"your-message\"><textarea cols=\"40\" rows=\"10\" maxlength=\"2000\" class=\"wpcf7-form-control wpcf7-textarea\" aria-invalid=\"false\" placeholder=\"Comentario\" name=\"your-message\"><\/textarea><\/span>\n\t\t<\/p>\n\t<\/div>\n\t<p style=\"display:flex;padding:0 10px;color:#fff;\"><span class=\"wpcf7-form-control-wrap\" data-name=\"pictures\"><span class=\"wpcf7-form-control wpcf7-acceptance optional\"><span class=\"wpcf7-list-item\"><input type=\"checkbox\" name=\"pictures\" value=\"1\" aria-invalid=\"false\" \/><\/span><\/span><\/span>Autorizamos a Elysports a hacer uso de las fotos de ni\u00f1os realizadas durante su estancia en nuestras instalaciones para uso comercial y la promoci\u00f3n de las mismas.\n\t<\/p>\n\t<p style=\"display:flex;padding:0 10px;color:#fff;\"><span class=\"wpcf7-form-control-wrap\" data-name=\"privacy\"><span class=\"wpcf7-form-control wpcf7-acceptance\"><span class=\"wpcf7-list-item\"><input type=\"checkbox\" name=\"privacy\" value=\"1\" aria-invalid=\"false\" \/><\/span><\/span><\/span>Acepto la &nbsp; <a href=\"\">Pol\u00edtica de Privacidad<\/a>\n\t<\/p>\n\t<p><input class=\"wpcf7-form-control wpcf7-submit has-spinner\" type=\"submit\" value=\"Enviar\" \/>\n\t<\/p>\n<\/div><div class=\"wpcf7-response-output\" aria-hidden=\"true\"><\/div>\n<\/form>\n<\/div>\n[vc_empty_space height=&#8221;100px&#8221;][vc_row_inner][vc_column_inner el_id=&#8221;precios&#8221;][vc_column_text css=&#8221;.vc_custom_1621247718493{margin-top: 0px !important;margin-bottom: 40px !important;padding-top: 0px !important;padding-bottom: 0px !important;}&#8221;]<\/p>\n<h2 class=\"section-title\"><span style=\"color: #ffffff;\">Precios de Campamentos<\/span><\/h2>\n<p>[\/vc_column_text][\/vc_column_inner][\/vc_row_inner][vc_row_inner][vc_column_inner width=&#8221;1\/2&#8243;][vc_table vc_table_theme=&#8221;classic_blue&#8221;][12px]1%20Semana,|[12px;borders_all;borders_all]Hasta%20las%2014%3A00,[borders_all]125%E2%82%AC|[12px;borders_all;borders_all]Hasta%20las%2016%3A00%20(con%20comedor),[borders_all]180%E2%82%AC[\/vc_table][\/vc_column_inner][vc_column_inner width=&#8221;1\/2&#8243;][vc_table vc_table_theme=&#8221;classic_blue&#8221;][12px]2%20Semanas,|[12px;borders_all;borders_all]Hasta%20las%2014%3A00,[borders_all]235%E2%82%AC|[12px;borders_all;borders_all]Hasta%20las%2016%3A00%20(con%20comedor),[borders_all]340%E2%82%AC[\/vc_table][\/vc_column_inner][\/vc_row_inner][vc_row_inner][vc_column_inner width=&#8221;1\/2&#8243;][vc_table vc_table_theme=&#8221;classic_blue&#8221;][12px]PACK%204%20Semanas,|[12px;borders_all;borders_all]Hasta%20las%2014%3A00,[borders_all]425%E2%82%AC|[12px;borders_all;borders_all]Hasta%20las%2016%3A00%20(con%20comedor),[borders_all]580%E2%82%AC[\/vc_table][\/vc_column_inner][vc_column_inner width=&#8221;1\/2&#8243;][vc_table vc_table_theme=&#8221;classic_blue&#8221;][12px]D%C3%ADas%20sueltos,|[12px;borders_all;borders_all]Hasta%20las%2014%3A00,[borders_all]30%E2%82%AC|[12px;borders_all;borders_all]Hasta%20las%2016%3A00%20(con%20comedor),[borders_all]40%E2%82%AC[\/vc_table][\/vc_column_inner][\/vc_row_inner][vc_row_inner][vc_column_inner][vc_column_text css=&#8221;.vc_custom_1541407570929{margin-top: 0px !important;margin-bottom: 40px !important;padding-top: 0px !important;padding-bottom: 0px !important;}&#8221;]<\/p>\n<h2 class=\"section-title\"><span style=\"color: #ffffff;\">Precios Nataci\u00f3n y Matronataci\u00f3n<\/span><\/h2>\n<p>[\/vc_column_text][\/vc_column_inner][\/vc_row_inner][vc_row_inner][vc_column_inner width=&#8221;1\/2&#8243;][vc_table vc_table_theme=&#8221;classic_blue&#8221;][12px]30%20min%20(4%20clases%20al%20mes),|[12px;borders_all;borders_all]1%20Clase%20por%20semana,[borders_all]49%E2%82%AC%20al%20mes|[12px;borders_all;borders_all]2%20Clases%20por%20semana,[borders_all]93%E2%82%AC%20al%20mes|[12px;borders_all;borders_all]1%20Clase%20por%20semana%20(privada),[borders_all]99%E2%82%AC%20al%20mes|[12px;borders_all;borders_all]Clase%20de%20prueba,[borders_all]15%E2%82%AC[\/vc_table][\/vc_column_inner][vc_column_inner width=&#8221;1\/2&#8243;][vc_table vc_table_theme=&#8221;classic_blue&#8221;][12px]45%20min%20(4%20clases%20al%20mes),|[12px;borders_all]1%20Clase%20por%20semana,63%E2%82%AC%20al%20mes|[12px;borders_all]2%20Clases%20por%20semana,140%E2%82%AC%20al%20mes|[12px;borders_all]1%20Clase%20por%20semana%20(privada),145%E2%82%AC%20%20(c.individual)|[12px;borders_all]Clase%20de%20prueba,20%E2%82%AC[\/vc_table][\/vc_column_inner][\/vc_row_inner][vc_row_inner][vc_column_inner width=&#8221;1\/2&#8243;][vc_table vc_table_theme=&#8221;classic_blue&#8221;][12px]30%20min%20(5%20clases%20al%20mes),|[12px;borders_all;borders_all]1%20Clase%20por%20semana,[borders_all]61%E2%82%AC%20al%20mes|[12px;borders_all;borders_all]2%20Clases%20por%20semana,[borders_all]115%E2%82%AC%20al%20mes|[12px;borders_all;borders_all]1%20Clase%20por%20semana%20(privada),[borders_all]124%E2%82%AC%20al%20mes|[12px;borders_all;borders_all]Clase%20de%20prueba,[borders_all]15%E2%82%AC[\/vc_table][\/vc_column_inner][vc_column_inner width=&#8221;1\/2&#8243;][vc_table vc_table_theme=&#8221;classic_blue&#8221;][12px]45%20min%20(5%20clases%20al%20mes),|[12px;borders_all]1%20Clase%20por%20semana,90%E2%82%AC%20al%20mes|[12px;borders_all]2%20Clases%20por%20semana,175%E2%82%AC%20al%20mes|[12px;borders_all]1%20Clase%20por%20semana%20(privada),180%E2%82%AC%20al%20mes|[12px;borders_all]Clase%20de%20prueba,20%E2%82%AC[\/vc_table][\/vc_column_inner][\/vc_row_inner][vc_row_inner][vc_column_inner][\/vc_column_inner][\/vc_row_inner][vc_column_text css=&#8221;.vc_custom_1541407714483{margin-top: 0px !important;margin-bottom: 40px !important;padding-top: 0px !important;padding-bottom: 0px !important;}&#8221;]<\/p>\n<h2 class=\"section-title\"><span style=\"color: #ffffff;\">Precios Aquagym<\/span><\/h2>\n<p>[\/vc_column_text][vc_row_inner][vc_column_inner width=&#8221;1\/2&#8243;][vc_table vc_table_theme=&#8221;classic_blue&#8221;][12px]60%20min,|[12px;borders_all;borders_all]1%20Clase%20por%20semana,[borders_all]50%E2%82%AC%20al%20mes|[12px;borders_all;borders_all]2%20Clases%20por%20semana,[borders_all]75%E2%82%AC%20al%20mes[\/vc_table][\/vc_column_inner][\/vc_row_inner][vc_column_text css=&#8221;.vc_custom_1612462179974{margin-top: 0px !important;margin-bottom: 40px !important;padding-top: 0px !important;padding-bottom: 0px !important;}&#8221;]<\/p>\n<h2 class=\"section-title\"><span style=\"color: #ffffff;\">Precios Tenis<\/span><\/h2>\n<p>[\/vc_column_text][vc_table vc_table_theme=&#8221;classic_blue&#8221;][12px]45%20min%20(4%20clases%20al%20mes),|[12px;borders_all]1%20Clase%20por%20semana,|[12px;borders_all]2%20Clases%20por%20semana,|[12px;borders_all]Clase%20de%20prueba,[\/vc_table][vc_column_text css=&#8221;.vc_custom_1612462348873{margin-top: 0px !important;margin-bottom: 40px !important;padding-top: 0px !important;padding-bottom: 0px !important;}&#8221;]<\/p>\n<h2 class=\"section-title\"><span style=\"color: #ffffff;\">Precios Gimnasia r\u00edtmica<\/span><\/h2>\n<p>[\/vc_column_text][vc_empty_space height=&#8221;100px&#8221;][vc_column_text css=&#8221;.vc_custom_1539160691495{margin-top: 0px !important;margin-bottom: 40px !important;padding-top: 0px !important;padding-bottom: 0px !important;}&#8221;]<\/p>\n<h2 class=\"section-title\"><span style=\"color: #ffffff;\">Preguntas frecuentes<\/span><\/h2>\n<p>[\/vc_column_text][vc_tta_accordion shape=&#8221;round&#8221; color=&#8221;green&#8221; spacing=&#8221;10&#8243; c_position=&#8221;right&#8221; active_section=&#8221;1&#8243;][vc_tta_section title=&#8221;Como puedo apuntarlo?&#8221; tab_id=&#8221;1506675265174-ca0d8c0c-7859&#8243;][vc_column_text]A trav\u00e9s de nuestra p\u00e1gina en caso de duda puedes contactar por WhatsApp o llamarnos.[\/vc_column_text][\/vc_tta_section][vc_tta_section title=&#8221;\u00bfCuanto duran los cursos?&#8221; tab_id=&#8221;1506675265273-929dfca3-e9be&#8221;][vc_column_text]Comenzamos en el mes de octubre hasta el mes de julio[\/vc_column_text][\/vc_tta_section][vc_tta_section title=&#8221;\u00bfCu\u00e1ntas clases a la semana es recomendable?&#8221; tab_id=&#8221;1506675620186-9f8232aa-29ba&#8221;][vc_column_text]Puedes comenzar con una clase a la semana y luego con dos, cu\u00e1nto m\u00e1s est\u00edmulos tenga m\u00e1s r\u00e1pido nadar\u00e1[\/vc_column_text][\/vc_tta_section][vc_tta_section title=&#8221;\u00bfA partir de qu\u00e9 edad estamos con las mamas en el agua?&#8221; tab_id=&#8221;1506675636331-811a7bcf-d7de&#8221;][vc_column_text]Desde los 10 meses hasta los 36 meses.[\/vc_column_text][\/vc_tta_section][vc_tta_section title=&#8221;\u00bfCu\u00e1ndo puedo ir solo con mi profesora?&#8221; tab_id=&#8221;1506675633097-cd162cf3-8c2c&#8221;][vc_column_text]Desde los 3 a\u00f1os si estuvo anteriormente experiencia con el agua.[\/vc_column_text][\/vc_tta_section][vc_tta_section title=&#8221;\u00bfQue debo llevar a la piscina?&#8221; tab_id=&#8221;1538993552450-fd7f6bb6-596e&#8221;][vc_column_text]Ba\u00f1ador, gorro de ba\u00f1o y gafas.[\/vc_column_text][\/vc_tta_section][vc_tta_section title=&#8221;\u00bfQue grupo le toca a mi hijo en la clase?&#8221; tab_id=&#8221;1538993585690-cf2e2791-1002&#8243;][vc_column_text]Como trabajamos por nivel va a depender de la experiencia no tanto de la edad.[\/vc_column_text][\/vc_tta_section][vc_tta_section title=&#8221;\u00bfComo puedo apuntarlo?&#8221; tab_id=&#8221;1538993619870-e7057508-7dee&#8221;][vc_column_text]A trav\u00e9s de nuestra p\u00e1gina en caso de duda puedes contactar por whats app o llamarnos.[\/vc_column_text][\/vc_tta_section][vc_tta_section title=&#8221;\u00bfCu\u00e1ntos campamentos realizamos al a\u00f1o?&#8221; tab_id=&#8221;1538993716971-0df45ee3-9ba4&#8243;][vc_column_text]Hacemos tres campamentos durante el a\u00f1o el primero en Semana Blanca el segundo en Semana Santa y el tercero en el verano.[\/vc_column_text][\/vc_tta_section][vc_tta_section title=&#8221;\u00bfCu\u00e1nto dura los campamentos de verano?&#8221; tab_id=&#8221;1538993772925-eaa96e5a-a4c7&#8243;][vc_column_text]Comenzamos la \u00faltima semana de junio hasta la primera semana de septiembre.[\/vc_column_text][\/vc_tta_section][vc_tta_section title=&#8221;\u00bfQue horarios son y d\u00edas?&#8221; tab_id=&#8221;1538993804835-5da0850b-917f&#8221;][vc_column_text]Hay dos turnos de 8,30hs a 14hs y el segundo incluye comedor 8,30hs a 16hs de lunes a viernes.[\/vc_column_text][\/vc_tta_section][vc_tta_section title=&#8221;\u00bfPuedo traer a mi hijo m\u00e1s tarde y recogerlo antes?&#8221; tab_id=&#8221;1538993850555-8c32f0b8-2415&#8243;][vc_column_text]Si puedes traerlo como m\u00e1ximo una m\u00e1s tarde del comienzo y recogerlo si necesitas antes de finalizar el turno.[\/vc_column_text][\/vc_tta_section][vc_tta_section title=&#8221;\u00bfDesde qu\u00e9 edad comienzan?&#8221; tab_id=&#8221;1538993895630-8f7843f7-79b1&#8243;][vc_column_text]Desde los tres a\u00f1os y medio cumplidos hasta los 10 a\u00f1os.[\/vc_column_text][\/vc_tta_section][vc_tta_section title=&#8221;\u00bfQue actividades realizan?&#8221; tab_id=&#8221;1538993942317-3fb00eb6-5cdf&#8221;][vc_column_text]Hacemos muchas actividades deportivas tenis, p\u00e1del, nataci\u00f3n, f\u00fatbol, hockey, baloncesto, balonmano, beisbol, gymkanas , juegos recreativos y deportivos .<br \/>\nTalleres de manualidades, dibujo y pintura baile, pintas caras, Castillo hinchable, juegos de agua. de mesa, pel\u00edculas, huerto y playa.[\/vc_column_text][\/vc_tta_section][\/vc_tta_accordion][\/vc_column][vc_column width=&#8221;1\/6&#8243;][\/vc_column][\/vc_row]<\/p>\n<\/div>","protected":false},"excerpt":{"rendered":"<p>[vc_row full_width=&#8221;stretch_row&#8221; parallax=&#8221;content-moving&#8221; parallax_image=&#8221;328&#8243; parallax_opacity=&#8221;0.5&#8243; parallax_speed_bg=&#8221;1&#8243; css=&#8221;.vc_custom_1537785279476{margin-top: 0px !important;margin-bottom: 0px !important;padding-top: 90px !important;padding-bottom: 70px !important;}&#8221; overlay_color=&#8221;#d8902b&#8221;][vc_column width=&#8221;1\/6&#8243;][\/vc_column][vc_column width=&#8221;2\/3&#8243;][vc_column_text css=&#8221;.vc_custom_1620943487745{margin-top: 0px !important;margin-bottom: 40px !important;padding-top: 0px !important;padding-bottom: 0px !important;}&#8221;] Inscr\u00edbete en nuestras [&hellip;]<\/p>\n","protected":false},"author":2,"featured_media":0,"parent":0,"menu_order":0,"comment_status":"closed","ping_status":"closed","template":"","meta":{"footnotes":""},"class_list":["post-1937","page","type-page","status-publish","hentry"],"_links":{"self":[{"href":"https:\/\/elysports.com\/en\/wp-json\/wp\/v2\/pages\/1937","targetHints":{"allow":["GET"]}}],"collection":[{"href":"https:\/\/elysports.com\/en\/wp-json\/wp\/v2\/pages"}],"about":[{"href":"https:\/\/elysports.com\/en\/wp-json\/wp\/v2\/types\/page"}],"author":[{"embeddable":true,"href":"https:\/\/elysports.com\/en\/wp-json\/wp\/v2\/users\/2"}],"replies":[{"embeddable":true,"href":"https:\/\/elysports.com\/en\/wp-json\/wp\/v2\/comments?post=1937"}],"version-history":[{"count":8,"href":"https:\/\/elysports.com\/en\/wp-json\/wp\/v2\/pages\/1937\/revisions"}],"predecessor-version":[{"id":2601,"href":"https:\/\/elysports.com\/en\/wp-json\/wp\/v2\/pages\/1937\/revisions\/2601"}],"wp:attachment":[{"href":"https:\/\/elysports.com\/en\/wp-json\/wp\/v2\/media?parent=1937"}],"curies":[{"name":"wp","href":"https:\/\/api.w.org\/{rel}","templated":true}]}}