{"id":1971,"date":"2018-10-15T10:55:07","date_gmt":"2018-10-15T10:55:07","guid":{"rendered":"https:\/\/elysports.com\/aviso-legal\/"},"modified":"2021-05-13T09:41:17","modified_gmt":"2021-05-13T09:41:17","slug":"aviso-legal","status":"publish","type":"page","link":"https:\/\/elysports.com\/en\/aviso-legal\/","title":{"rendered":"Aviso Legal"},"content":{"rendered":"<div class=\"wpb-content-wrapper\"><p>[vc_row][vc_column][vc_empty_space height=&#8221;65px&#8221;][vc_column_text]<\/p>\n<h3>I\u2013 OBJETO<\/h3>\n<p>&nbsp;<\/p>\n<p>Este sitio web proporciona informaci\u00f3n sobre los servicios y actividades de:<br \/>\nElysports &#8211; Elisabet Novoa Argibay<\/p>\n<p>NIF:78986425D<br \/>\nCarretera de C\u00e1diz Km 192,<br \/>\n(29604 ) Elviria, Marbella.<br \/>\nTel\u00e9fono:\u00a0<a href=\"tel:+34650680745\">+34 650-680-745<\/a><br \/>\nEmail:\u00a0 <a href=\"mailto:info@elysports.com\">info@elysports.com<\/a><br \/>\nen lo sucesivo denominado \u201cTitular\u201d.<\/p>\n<p>&nbsp;<\/p>\n<h3>II\u2013 PROPIEDAD INTELECTUAL<\/h3>\n<p>&nbsp;<\/p>\n<p>Los contenidos de esta web, incluyendo, entre otros, im\u00e1genes, logotipos, gr\u00e1ficos, animaciones, textos o aplicaciones inform\u00e1ticas, cualesquiera que sea su formato, lenguaje de programaci\u00f3n y forma de representaci\u00f3n, as\u00ed como el nombre de dominio www.elysports.com son propiedad del Titular, o bien ha adquirido los correspondientes derechos de sus propietarios, o tiene el consentimiento de \u00e9stos para su publicaci\u00f3n, estando protegidos por las leyes y tratados internacionales en materia de propiedad intelectual y, en su caso, industrial, as\u00ed como por la normativa reguladora de los nombres de dominio.<\/p>\n<p>Se permite el uso de hiperv\u00ednculos a esta web y la utilizaci\u00f3n o reproducci\u00f3n, total o parcial, sin \u00e1nimo de lucro, de sus contenidos siempre que se haga constar la fuente y se incluya un hiperv\u00ednculo a esta web, y en los casos permitidos en los art\u00edculos 31 a 34 de la Ley de Propiedad Intelectual (Real Decreto Legislativo 1\/1996, de 12 de abril). Queda prohibido el uso de marcos (frames) o cualesquiera otros mecanismos destinados a ocultar el origen o fuente de los contenidos, cualquier uso, transformaci\u00f3n o explotaci\u00f3n de los mismos con finalidades comerciales, promocionales o contrarias a la ley, moral u orden p\u00fablico, que pudiera lesionar los intereses o perjudicar la imagen del Titular o de terceros leg\u00edtimos, que constituyan competencia desleal o, en general, en contra de lo dispuesto en estas Condiciones de Uso.<\/p>\n<p>&nbsp;<\/p>\n<h3>III\u2013 PRIVACIDAD Y PROTECCI\u00d3N DE DATOS<\/h3>\n<p>&nbsp;<\/p>\n<p>Al navegar por estas p\u00e1ginas, de forma autom\u00e1tica Ud. facilita al servidor de la web informaci\u00f3n relativa a su direcci\u00f3n IP (identificador \u00fanico para la transmisi\u00f3n de paquetes entre ordenadores conectados a Internet), fecha y hora de acceso, el hiperv\u00ednculo que le ha reenviado a \u00e9stas, su sistema operativo y el navegador utilizado. Sin perjuicio de que la Agencia Espa\u00f1ola de Protecci\u00f3n de Datos (en adelante, APD) considera la IP como dato de car\u00e1cter personal, el Titular no puede obtener por si solo, ni tiene intenci\u00f3n de hacerlo a menos que se le cause alg\u00fan perjuicio, informaci\u00f3n alguna acerca del titular de la conexi\u00f3n a Internet a la que corresponde. Estos datos ser\u00e1n guardados y utilizados \u00fanicamente para el control y realizaci\u00f3n de estad\u00edsticas de acceso y visitas a la web, y en ning\u00fan caso ser\u00e1n comunicados o cedidos a terceros.<\/p>\n<p>En caso de que Ud. establezca alg\u00fan tipo de comunicaci\u00f3n con el Titular, ya sea por tel\u00e9fono, fax, correo ordinario o electr\u00f3nico, sus datos ser\u00e1n guardados e incluidos en un fichero propiedad del Titular, con la finalidad de responder a su consulta, sugerencia o queja, informar o prestar el servicio solicitado. Fuera de los casos legalmente establecidos, sus datos no ser\u00e1n comunicados ni cedidos a terceros sin su consentimiento expreso. Dicho fichero se encuentra convenientemente inscrito en el Registro General de la APD y sobre \u00e9l se aplican las medidas t\u00e9cnicas, legales y organizativas establecidas en la normativa sobre protecci\u00f3n de datos de car\u00e1cter personal para evitar cualquier acceso, alteraci\u00f3n, p\u00e9rdida o tratamiento no autorizados.<\/p>\n<p>Tiene Ud. derecho a acceder a dicho fichero para consultar sus datos, rectificarlos o cancelarlos, as\u00ed como a oponerse a todo tratamiento respecto de los mismos, con las excepciones y l\u00edmites establecidos en la legislaci\u00f3n aplicable. En caso de que desee ejercer dichos derechos, dirija al Titular una solicitud firmada, acompa\u00f1ando fotocopia de su D.N.I. o documento equivalente. En el sitio web de la APD tiene a su disposici\u00f3n modelos de formularios y m\u00e1s informaci\u00f3n al respecto.<\/p>\n<p>&nbsp;<\/p>\n<h3>IV\u2013 COOKIES<\/h3>\n<p>&nbsp;<\/p>\n<p><strong>Comentarios<\/strong><\/p>\n<p>Cuando los visitantes dejan comentarios en la web, recopilamos los datos que se muestran en el formulario de comentarios, as\u00ed como la direcci\u00f3n IP del visitante y la cadena de agentes de usuario del navegador para ayudar a la detecci\u00f3n de spam.<\/p>\n<p>Una cadena an\u00f3nima creada a partir de tu direcci\u00f3n de correo electr\u00f3nico (tambi\u00e9n llamada hash) puede ser proporcionada al servicio de Gravatar para ver si la est\u00e1s usando. La pol\u00edtica de privacidad del servicio Gravatar est\u00e1 disponible aqu\u00ed: https:\/\/automattic.com\/privacy\/. Despu\u00e9s de la aprobaci\u00f3n de tu comentario, la imagen de tu perfil es visible para el p\u00fablico en el contexto de su comentario.<\/p>\n<p>&nbsp;<\/p>\n<p><strong>Medios<\/strong><\/p>\n<p>Si subes im\u00e1genes a la web deber\u00edas evitar subir im\u00e1genes con datos de ubicaci\u00f3n (GPS EXIF) incluidos. Los visitantes de la web pueden descargar y extraer cualquier dato de localizaci\u00f3n de las im\u00e1genes de la web.<\/p>\n<p><strong>Formularios de contacto<\/strong><\/p>\n<p>Si contactas con nosotros a trav\u00e9s de uno de nuestros formularios ser\u00e1 por propia voluntad y estar\u00e1s cediendo los datos solicitados en dichos formularios.<\/p>\n<p>Esos datos ser\u00e1n almacenados en los servidores de alguno de nuestros correos electr\u00f3nicos, siendo propiedad de Google (en caso de Gmail) o de OVH (con dominio registrado en Godaddy).<\/p>\n<p>Puede ver las pol\u00edticas de privacidad de los mismos en:<\/p>\n<ul>\n<li><a href=\"https:\/\/policies.google.com\/privacy?hl=es\">Privacidad Google<\/a><\/li>\n<li><a href=\"https:\/\/www.ovh.es\/proteccion-datos-personales\/\">Privacidad<\/a> y <a href=\"https:\/\/www.ovh.es\/soporte\/documentos_legales\/cookies_ovh.xml\">cookies<\/a> OVH<\/li>\n<li><a href=\"https:\/\/www.godaddy.com\/es-es\/acuerdos\/politica-privacidad#:~:text=A%20GoDaddy%20le%20importa%20su,%2C%20nuestros%20%E2%80%9CServicios%E2%80%9D).\">Privacidad Godaddy<\/a><\/li>\n<\/ul>\n<p>&nbsp;<\/p>\n<p>Si dejas un comentario en nuestro sitio puedes elegir guardar tu nombre, direcci\u00f3n de correo electr\u00f3nico y web en cookies. Esto es para tu comodidad, para que no tengas que volver a rellenar tus datos cuando dejes otro comentario. Estas cookies tendr\u00e1n una duraci\u00f3n de un a\u00f1o.<\/p>\n<p>Si tienes una cuenta y te conectas a este sitio, instalaremos una cookie temporal para determinar si tu navegador acepta cookies. Esta cookie no contiene datos personales y se elimina al cerrar el navegador.<\/p>\n<p>Cuando inicias sesi\u00f3n, tambi\u00e9n instalaremos varias cookies para guardar tu informaci\u00f3n de inicio de sesi\u00f3n y tus opciones de visualizaci\u00f3n de pantalla. Las cookies de inicio de sesi\u00f3n duran dos d\u00edas, y las cookies de opciones de pantalla duran un a\u00f1o. Si seleccionas &#8220;Recordarme&#8221;, tu inicio de sesi\u00f3n perdurar\u00e1 durante dos semanas. Si sales de tu cuenta, las cookies de inicio de sesi\u00f3n se eliminar\u00e1n.<\/p>\n<p>Si editas o publicas un art\u00edculo se guardar\u00e1 una cookie adicional en tu navegador. Esta cookie no incluye datos personales y simplemente indica el ID del art\u00edculo que acabas de editar. Caduca despu\u00e9s de 1 d\u00eda.<\/p>\n<p><strong>Cookies que usamos:<\/strong><\/p>\n<p>&nbsp;<\/p>\n<p><img loading=\"lazy\" decoding=\"async\" class=\"aligncenter wp-image-2230 size-full\" src=\"https:\/\/elysports.com\/wp-content\/uploads\/2021\/05\/cookies-usadas.png\" alt=\"\" width=\"756\" height=\"325\" srcset=\"https:\/\/elysports.com\/wp-content\/uploads\/2021\/05\/cookies-usadas.png 756w, https:\/\/elysports.com\/wp-content\/uploads\/2021\/05\/cookies-usadas-300x129.png 300w\" sizes=\"auto, (max-width: 756px) 100vw, 756px\" \/><\/p>\n<p>WORDPRESS:<\/p>\n<p>Es el CMS en el que est\u00e1 basado este sitio web. Ver Pol\u00edticas de WordPress<\/p>\n<p>&nbsp;<\/p>\n<p>WPML:<\/p>\n<p>WPML utiliza cookies para identificar el idioma actual del visitante, el \u00faltimo idioma visitado y el idioma de los usuarios que han iniciado sesi\u00f3n.<\/p>\n<p>Mientras utilice el plugin, WPML compartir\u00e1 los datos relacionados con el sitio a trav\u00e9s del instalador. No se compartir\u00e1 ning\u00fan dato personal del usuario.<\/p>\n<p>&nbsp;<\/p>\n<p>WPML Translation Management:<\/p>\n<p>La Administraci\u00f3n de traducci\u00f3n de WPML enviar\u00e1 la direcci\u00f3n de correo electr\u00f3nico y el nombre de cada administrador y traductor asignado, as\u00ed como tambi\u00e9n el contenido mismo al Editor de traducci\u00f3n avanzado y a los servicios de traducci\u00f3n que se est\u00e1n utilizando.<\/p>\n<p>&nbsp;<\/p>\n<p>WPML String Translation:<\/p>\n<p>WPML String Translation will send all strings to WPML\u2019s Advanced Translation Editor and to the translation services which are used.<\/p>\n<p>&nbsp;<\/p>\n<p>&nbsp;<\/p>\n<p>LOCO Translate:<\/p>\n<p>Este plugin no recoge datos de los visitantes de la parte p\u00fablica de la web.<br \/>\nEs posible que los administradores o auditores quieran revisar el\u00a0<a href=\"https:\/\/localise.biz\/wordpress\/plugin\/privacy\">aviso de privacidad<\/a>\u00a0de Loco.<\/p>\n<p>&nbsp;<\/p>\n<p>SLIDER REVOLUTION:<\/p>\n<p>Este plugin ofrece la posibilidad de usar videos de Youtube y Vimeo, Audios de SoundCloud y las Google Web Fonts.<\/p>\n<p>En nuestro caso s\u00f3lo se usan las Google Web Fonts, que captura tu ip y tu navegador para evaluar la compatibilidad con las fuentes de Google, si no fueran compatibles, se motrar\u00edan una de las fuentes est\u00e1ndar universales compatibles con cada navegador.<\/p>\n<p>&nbsp;<\/p>\n<p>THE EVENTS CALENDAR:<\/p>\n<p>Mediante el uso de los plugins The Events Calendar, Events Calendar PRO, The Events Calendar Filter Bar, Eventbrite Tickets y Community Events, as\u00ed como nuestro servicio Event Aggregator Import (incluido en el plugin The Events Calendar), puede que se recoja y almacene informaci\u00f3n en la base de datos de tu web.<\/p>\n<p>&nbsp;<\/p>\n<p>Si crea, env\u00eda, importa, guarda o publica informaci\u00f3n de eventos, lugares o organizador, dicha informaci\u00f3n se conserva en la base de datos local:<\/p>\n<p>&nbsp;<\/p>\n<ul>\n<li>Informaci\u00f3n del lugar: nombre, direcci\u00f3n, ciudad, pa\u00eds, provincia, c\u00f3digo postal, tel\u00e9fono, web, coordenadas geogr\u00e1ficas (latitud y longitud)<\/li>\n<li>Informaci\u00f3n del organizador: nombre, tel\u00e9fono, web, correo electr\u00f3nico<\/li>\n<li>Informaci\u00f3n del evento: sitio web, precio, descripci\u00f3n, fecha, hora, imagen<\/li>\n<\/ul>\n<p>&nbsp;<\/p>\n<p>Importaci\u00f3n de eventos, lugares de encuentro y organizadores:<\/p>\n<p>&#8211;\u00a0\u00a0\u00a0\u00a0\u00a0\u00a0\u00a0 Todos los datos presentes dentro de un archivo CSV o ICS y URLs externas (para eventos, lugares, organizadores y entradas)<\/p>\n<p>&#8211;\u00a0\u00a0\u00a0\u00a0\u00a0\u00a0\u00a0 Importar datos de origen (URL desde donde se importan los eventos, como Eventbrite, Meetup, otros or\u00edgenes de URL compatibles y m\u00e1s, que pueden incluir datos similares o iguales que se enumeran anteriormente)<\/p>\n<p>&#8211;\u00a0\u00a0\u00a0\u00a0\u00a0\u00a0\u00a0 Informaci\u00f3n del ticket de Eventbrite: nombre, descripci\u00f3n, precio, tipo, cantidad<\/p>\n<p>Tenga en cuenta que para crear nuevos eventos a trav\u00e9s del formulario de env\u00edo de eventos comunitarios, un usuario debe tener una cuenta de sitio web en este dominio. Esta informaci\u00f3n se conserva en la base de datos local. Tambi\u00e9n es posible crear eventos de forma an\u00f3nima, si el propietario del sitio tiene activada esta opci\u00f3n.<\/p>\n<p>Al comprar entradas de Eventbrite, la informaci\u00f3n de los asistentes, compradores y pedidos ser\u00e1 almacenada y administrada por Eventbrite.<\/p>\n<p>&nbsp;<\/p>\n<h3>Claves API<\/h3>\n<p>La Suite Events Calendar ofrece el uso de claves de API de terceros. Las funciones primarias son mejorar las caracter\u00edsticas que hemos incorporado, algunas de las cuales utilizan Google Maps, Paypal, eventbrite y Meetup. Estas claves API no son proporcionadas por Modern Tribe.<\/p>\n<p>Hacemos uso de ciertas claves API para proporcionar caracter\u00edsticas espec\u00edficas.<\/p>\n<p>Estas claves API pueden incluir los siguientes servicios de terceros: Gooble Maps, Meetup, PayPal y Eventbrite (clave API, URL de autenticaci\u00f3n y contrase\u00f1a del cliente).<\/p>\n<h3>Durante cu\u00e1nto tiempo retienes esta Informaci\u00f3n<\/h3>\n<p>Toda la informaci\u00f3n (datos) es almacenada en la base de datos local de forma indefinida, salvo que sea eliminada.<\/p>\n<p>Ciertos datos pueden exportarse o eliminarse a petici\u00f3n de los usuarios a trav\u00e9s del Exportar o Borrar. Ten en cuenta, sin embargo, que existen varios &#8220;casos l\u00edmite&#8221; en los que no podemos perfeccionar la recopilaci\u00f3n y exportaci\u00f3n de todos los datos para tus usuarios finales. Sugerimos ejecutar una b\u00fasqueda en tu base de datos local, as\u00ed como en el escritorio de WordPress, para identificar todos los datos recopilados y almacenados para solicitudes de usuarios espec\u00edficos.<\/p>\n<h3>Donde enviamos tu informaci\u00f3n<\/h3>\n<p>Por defecto, Modern Tribe no env\u00eda datos de usuarios fuera de tu sitio.<\/p>\n<p>Si has extendido nuestro(s) plugin(s) para enviar datos a servicios de terceros como Eventbrite, Google Maps o PayPal, la informaci\u00f3n del usuario puede ser enviada a estos servicios externos. Estos servicios pueden estar ubicados en el extranjero.<\/p>\n<p>&nbsp;<\/p>\n<p>Puede consultar c\u00f3mo <a href=\"https:\/\/protecciondatos-lopd.com\/empresas\/borrar-cookies\/#:~:text=en%20Borrar%20datos-,Android,de%20sitio%20o%20contrase%C3%B1as%20guardadas.\">BORRAR LAS COOKIES de cualquier navegador de cualquier web aqu\u00ed<\/a>.<\/p>\n<p>&nbsp;<\/p>\n<p>&nbsp;<\/p>\n<h3>V\u2013 LIMITACI\u00d3N DE RESPONSABILIDAD<\/h3>\n<p>&nbsp;<\/p>\n<p>Los contenidos de este sitio web se ofrecen con una finalidad informativa y divulgativa por lo que el Titular se exime de cualquier responsabilidad, directa o indirecta, que pudiera derivarse del uso o aplicaci\u00f3n de la informaci\u00f3n de esta web fuera de sus prop\u00f3sitos.<\/p>\n<p>Los enlaces (hiperv\u00ednculos) o contenidos de terceros que aparecen en esta web se facilitan con la finalidad de ampliar la informaci\u00f3n o indicar otro punto de vista. Su inclusi\u00f3n no implica la aceptaci\u00f3n de dichos contenidos, ni la asociaci\u00f3n del Titular con los responsables de dichas p\u00e1ginas web, por lo que rechaza toda responsabilidad en relaci\u00f3n con los mismos, as\u00ed como por los da\u00f1os que pudieran causarse por cualquier motivo en su sistema inform\u00e1tico (equipo y aplicaciones), documentos o ficheros. El Titular s\u00f3lo podr\u00e1 ser responsable por dichos contenidos conforme a lo establecido en la Ley 34\/2002, de 11 de julio, de Servicios de la Sociedad de la Informaci\u00f3n y de Comercio Electr\u00f3nico, en caso de que, habiendo tenido conocimiento efectivo de su ilicitud o de que lesiona los bienes o intereses de un tercero, no suprima o inutilice el enlace a los mismos.<\/p>\n<p>El Titular no garantiza la fiabilidad, disponibilidad o continuidad de este sitio web ni de sus contenidos por motivos t\u00e9cnicos, de seguridad, control o mantenimiento del servicio, por fallos debidos al servidor que aloja los contenidos o de otros intermediarios o proveedores, por ataques contra el sistema inform\u00e1tico, ni por cualesquiera otros motivos que se deriven de causas que escapen a su control, por lo que se exime de cualquier responsabilidad, directa o indirecta, por los mismos.<\/p>\n<p>El Titular no se hace responsable de los fallos, errores o da\u00f1os, directos o indirectos, que puedan causarse al sistema inform\u00e1tico del usuario o a los ficheros o documentos almacenados en el mismo, que sean causados o se deriven de la capacidad o calidad de su sistema inform\u00e1tico o de la presencia de un virus o cualquier otra aplicaci\u00f3n inform\u00e1tica da\u00f1ina en el ordenador que sea utilizado para la conexi\u00f3n a los contenidos de la web, de la calidad de su conexi\u00f3n o acceso a Internet, por un mal funcionamiento de su navegador, o por el uso de aplicaciones inform\u00e1ticas cuyas versiones no est\u00e9n actualizadas o no se obtenga la correspondiente licencia de usuario.<\/p>\n<p>El Titular se compromete a avisar de una posible brecha de seguridad con un m\u00e1ximo de 72 horas tras su detecci\u00f3n, a todos los usuarios, tal como establece la nueva ley del GRPD.<\/p>\n<p>Las medidas de seguridad llevadas a cabo son las convencionales de la mayor\u00eda de alojamientos web, con m\u00e9todos antispam, seguridad contra ataques de inyecci\u00f3n de c\u00f3digo malicioso y ataques de fuerza bruta, protecci\u00f3n mediante firewall y filtros de IP, entre otras.<\/p>\n<p>&nbsp;<\/p>\n<h3>VI\u2013 MODIFICACIONES Y ACTUALIZACIONES<\/h3>\n<p>&nbsp;<\/p>\n<p>El Titular se reserva la facultad de efectuar, en cualquier momento y sin necesidad de previo aviso, modificaciones y actualizaciones de la informaci\u00f3n contenida en la web, de la configuraci\u00f3n, disponibilidad y presentaci\u00f3n de \u00e9sta, as\u00ed como de las presentes Condiciones de Uso, siempre atendiendo a las leyes vigentes en cada momento.<\/p>\n<p>&nbsp;<\/p>\n<h3>VII\u2013 LEY APLICABLE Y FORO<\/h3>\n<p>&nbsp;<\/p>\n<p>Las cuestiones relacionadas con el uso de esta web o sus contenidos se regir\u00e1n y ser\u00e1n interpretadas conforme a las presentes Condiciones de Uso y la legislaci\u00f3n espa\u00f1ola, someti\u00e9ndose las partes, salvo en los casos en que no est\u00e9 legalmente permitido, a la jurisdicci\u00f3n de los Juzgados y Tribunales de M\u00e1laga para la resoluci\u00f3n de los conflictos concernientes al uso de esta web, con renuncia de forma expresa a cualquier otro foro que pudiera corresponderles.<\/p>\n<p>Informaci\u00f3n facilitada en cumplimiento con lo dispuesto en el art\u00edculo 10 de la Ley 34\/2002, de 11 de julio, de Servicios de la Sociedad de la Informaci\u00f3n y de Comercio Electr\u00f3nico.<\/p>\n<p>[\/vc_column_text][vc_empty_space height=&#8221;65px&#8221;][\/vc_column][\/vc_row]<\/p>\n<\/div>","protected":false},"excerpt":{"rendered":"<p>[vc_row][vc_column][vc_empty_space height=&#8221;65px&#8221;][vc_column_text] I\u2013 OBJETO &nbsp; Este sitio web proporciona informaci\u00f3n sobre los servicios y actividades de: Elysports &#8211; Elisabet Novoa Argibay NIF:78986425D Carretera de C\u00e1diz Km 192, (29604 ) Elviria, [&hellip;]<\/p>\n","protected":false},"author":2,"featured_media":0,"parent":0,"menu_order":0,"comment_status":"closed","ping_status":"closed","template":"","meta":{"footnotes":""},"class_list":["post-1971","page","type-page","status-publish","hentry"],"_links":{"self":[{"href":"https:\/\/elysports.com\/en\/wp-json\/wp\/v2\/pages\/1971","targetHints":{"allow":["GET"]}}],"collection":[{"href":"https:\/\/elysports.com\/en\/wp-json\/wp\/v2\/pages"}],"about":[{"href":"https:\/\/elysports.com\/en\/wp-json\/wp\/v2\/types\/page"}],"author":[{"embeddable":true,"href":"https:\/\/elysports.com\/en\/wp-json\/wp\/v2\/users\/2"}],"replies":[{"embeddable":true,"href":"https:\/\/elysports.com\/en\/wp-json\/wp\/v2\/comments?post=1971"}],"version-history":[{"count":0,"href":"https:\/\/elysports.com\/en\/wp-json\/wp\/v2\/pages\/1971\/revisions"}],"wp:attachment":[{"href":"https:\/\/elysports.com\/en\/wp-json\/wp\/v2\/media?parent=1971"}],"curies":[{"name":"wp","href":"https:\/\/api.w.org\/{rel}","templated":true}]}}